{"id":4271,"date":"2022-05-20T14:37:29","date_gmt":"2022-05-20T15:37:29","guid":{"rendered":"https:\/\/www.collantlauve.com\/legal-notice\/"},"modified":"2022-05-30T11:45:12","modified_gmt":"2022-05-30T12:45:12","slug":"mensions-legales","status":"publish","type":"page","link":"https:\/\/www.collantlauve.com\/fr\/mensions-legales\/","title":{"rendered":"Mensions L\u00e9gales"},"content":{"rendered":"<div class=\"fusion-fullwidth fullwidth-box fusion-builder-row-1 fusion-flex-container nonhundred-percent-fullwidth non-hundred-percent-height-scrolling\" style=\"--awb-border-radius-top-left:0px;--awb-border-radius-top-right:0px;--awb-border-radius-bottom-right:0px;--awb-border-radius-bottom-left:0px;--awb-flex-wrap:wrap;\" ><div class=\"fusion-builder-row fusion-row fusion-flex-align-items-flex-start fusion-flex-content-wrap\" style=\"max-width:1393.6px;margin-left: calc(-4% \/ 2 );margin-right: calc(-4% \/ 2 );\"><div class=\"fusion-layout-column fusion_builder_column fusion-builder-column-0 fusion_builder_column_1_1 1_1 fusion-flex-column\" style=\"--awb-bg-size:cover;--awb-width-large:100%;--awb-margin-top-large:0px;--awb-spacing-right-large:1.92%;--awb-margin-bottom-large:20px;--awb-spacing-left-large:1.92%;--awb-width-medium:100%;--awb-order-medium:0;--awb-spacing-right-medium:1.92%;--awb-spacing-left-medium:1.92%;--awb-width-small:100%;--awb-order-small:0;--awb-spacing-right-small:1.92%;--awb-spacing-left-small:1.92%;\"><div class=\"fusion-column-wrapper fusion-column-has-shadow fusion-flex-justify-content-flex-start fusion-content-layout-column\"><div class=\"fusion-title title fusion-title-1 fusion-sep-none fusion-title-text fusion-title-size-one\"><h1 class=\"fusion-title-heading title-heading-left fusion-responsive-typography-calculated\" style=\"margin:0;--fontSize:50;line-height:1.2;\">Mensions L\u00e9gales<\/h1><\/div><div class=\"fusion-text fusion-text-1\" style=\"--awb-text-transform:none;\"><p><strong>VERBENA SRL<\/strong><\/p>\n<p>Si\u00e8ge l\u00e9gal: Via Toscana, 9, 46041 Asola (MN), Italy<\/p>\n<p>L&rsquo;inscription dans le registre des soci\u00e9t\u00e9s de: MANTOVA num\u00e9ro 00226120202<\/p>\n<p>Capital Social enti\u00e8rement pay\u00e9s: \u20ac 50.960,00 i.v.<\/p>\n<p><strong>\u00a0<\/strong><\/p>\n<p><strong>Termes et Conditions<\/strong><\/p>\n<p>Les Termes et Conditions suivants sont li\u00e9s au site italien <a href=\"https:\/\/www.collantlauve.com\/\">www.collantlauve.com<\/a>. En acc\u00e9dant et en naviguant sur le site constitue votre acceptation de ces termes.<\/p>\n<p>Le contenu de ce site est prot\u00e9g\u00e9 par droit d&rsquo;auteur et aucune partie de celui-ci ne peut \u00eatre reproduite sous quelque forme, ni utilis\u00e9 pour n&rsquo;importe quel but, sans l&rsquo;autorisation expresse et \u00e9crite de Verbena Srl.<\/p>\n<p>Il est possible d&rsquo;imprimer ou t\u00e9l\u00e9charger le texte visible sur le site \u00e0 des fins personnelles, non commerciales, y compris mais non limit\u00e9 \u00e0, la structure des feuilles de style, et les codes du programme.<\/p>\n<p>Verbena Srl d\u00e9cline toute responsabilit\u00e9 pour toute erreur ou omission sur le site <a href=\"https:\/\/www.collantlauve.com\/\">www.collantlauve.com<\/a>. La conception, les sp\u00e9cifications et les prix peuvent changer sans pr\u00e9avis.<\/p>\n<\/div><\/div><\/div><\/div><\/div>\n","protected":false},"excerpt":{"rendered":"","protected":false},"author":2,"featured_media":0,"parent":0,"menu_order":0,"comment_status":"closed","ping_status":"closed","template":"","meta":{"_monsterinsights_skip_tracking":false,"_monsterinsights_sitenote_active":false,"_monsterinsights_sitenote_note":"","_monsterinsights_sitenote_category":0,"footnotes":""},"yoast_head":"<!-- This site is optimized with the Yoast SEO plugin v22.7 - https:\/\/yoast.com\/wordpress\/plugins\/seo\/ -->\n<title>Mensions L\u00e9gales - Collant Lauve<\/title>\n<meta name=\"robots\" content=\"index, follow, max-snippet:-1, max-image-preview:large, max-video-preview:-1\" \/>\n<link rel=\"canonical\" href=\"https:\/\/www.collantlauve.com\/fr\/mensions-legales\/\" \/>\n<meta property=\"og:locale\" content=\"fr_FR\" \/>\n<meta property=\"og:type\" content=\"article\" \/>\n<meta property=\"og:title\" content=\"Mensions L\u00e9gales - Collant Lauve\" \/>\n<meta property=\"og:url\" content=\"https:\/\/www.collantlauve.com\/fr\/mensions-legales\/\" \/>\n<meta property=\"og:site_name\" content=\"Collant Lauve\" \/>\n<meta property=\"article:modified_time\" content=\"2022-05-30T12:45:12+00:00\" \/>\n<meta name=\"twitter:card\" content=\"summary_large_image\" \/>\n<meta name=\"twitter:label1\" content=\"Dur\u00e9e de lecture estim\u00e9e\" \/>\n\t<meta name=\"twitter:data1\" content=\"5 minutes\" \/>\n<script type=\"application\/ld+json\" class=\"yoast-schema-graph\">{\"@context\":\"https:\/\/schema.org\",\"@graph\":[{\"@type\":\"WebPage\",\"@id\":\"https:\/\/www.collantlauve.com\/fr\/mensions-legales\/\",\"url\":\"https:\/\/www.collantlauve.com\/fr\/mensions-legales\/\",\"name\":\"Mensions L\u00e9gales - Collant Lauve\",\"isPartOf\":{\"@id\":\"https:\/\/www.collantlauve.com\/fr\/#website\"},\"datePublished\":\"2022-05-20T15:37:29+00:00\",\"dateModified\":\"2022-05-30T12:45:12+00:00\",\"breadcrumb\":{\"@id\":\"https:\/\/www.collantlauve.com\/fr\/mensions-legales\/#breadcrumb\"},\"inLanguage\":\"fr-FR\",\"potentialAction\":[{\"@type\":\"ReadAction\",\"target\":[\"https:\/\/www.collantlauve.com\/fr\/mensions-legales\/\"]}]},{\"@type\":\"BreadcrumbList\",\"@id\":\"https:\/\/www.collantlauve.com\/fr\/mensions-legales\/#breadcrumb\",\"itemListElement\":[{\"@type\":\"ListItem\",\"position\":1,\"name\":\"Home\",\"item\":\"https:\/\/www.collantlauve.com\/fr\/\"},{\"@type\":\"ListItem\",\"position\":2,\"name\":\"Mensions L\u00e9gales\"}]},{\"@type\":\"WebSite\",\"@id\":\"https:\/\/www.collantlauve.com\/fr\/#website\",\"url\":\"https:\/\/www.collantlauve.com\/fr\/\",\"name\":\"Collant Lauve\",\"description\":\"Production et commercialisation de collants femme\",\"potentialAction\":[{\"@type\":\"SearchAction\",\"target\":{\"@type\":\"EntryPoint\",\"urlTemplate\":\"https:\/\/www.collantlauve.com\/fr\/?s={search_term_string}\"},\"query-input\":\"required name=search_term_string\"}],\"inLanguage\":\"fr-FR\"}]}<\/script>\n<!-- \/ Yoast SEO plugin. -->","yoast_head_json":{"title":"Mensions L\u00e9gales - Collant Lauve","robots":{"index":"index","follow":"follow","max-snippet":"max-snippet:-1","max-image-preview":"max-image-preview:large","max-video-preview":"max-video-preview:-1"},"canonical":"https:\/\/www.collantlauve.com\/fr\/mensions-legales\/","og_locale":"fr_FR","og_type":"article","og_title":"Mensions L\u00e9gales - Collant Lauve","og_url":"https:\/\/www.collantlauve.com\/fr\/mensions-legales\/","og_site_name":"Collant Lauve","article_modified_time":"2022-05-30T12:45:12+00:00","twitter_card":"summary_large_image","twitter_misc":{"Dur\u00e9e de lecture estim\u00e9e":"5 minutes"},"schema":{"@context":"https:\/\/schema.org","@graph":[{"@type":"WebPage","@id":"https:\/\/www.collantlauve.com\/fr\/mensions-legales\/","url":"https:\/\/www.collantlauve.com\/fr\/mensions-legales\/","name":"Mensions L\u00e9gales - Collant Lauve","isPartOf":{"@id":"https:\/\/www.collantlauve.com\/fr\/#website"},"datePublished":"2022-05-20T15:37:29+00:00","dateModified":"2022-05-30T12:45:12+00:00","breadcrumb":{"@id":"https:\/\/www.collantlauve.com\/fr\/mensions-legales\/#breadcrumb"},"inLanguage":"fr-FR","potentialAction":[{"@type":"ReadAction","target":["https:\/\/www.collantlauve.com\/fr\/mensions-legales\/"]}]},{"@type":"BreadcrumbList","@id":"https:\/\/www.collantlauve.com\/fr\/mensions-legales\/#breadcrumb","itemListElement":[{"@type":"ListItem","position":1,"name":"Home","item":"https:\/\/www.collantlauve.com\/fr\/"},{"@type":"ListItem","position":2,"name":"Mensions L\u00e9gales"}]},{"@type":"WebSite","@id":"https:\/\/www.collantlauve.com\/fr\/#website","url":"https:\/\/www.collantlauve.com\/fr\/","name":"Collant Lauve","description":"Production et commercialisation de collants femme","potentialAction":[{"@type":"SearchAction","target":{"@type":"EntryPoint","urlTemplate":"https:\/\/www.collantlauve.com\/fr\/?s={search_term_string}"},"query-input":"required name=search_term_string"}],"inLanguage":"fr-FR"}]}},"publishpress_future_action":{"enabled":false,"date":"2026-04-26 15:54:05","action":"change-status","newStatus":"draft","terms":[],"taxonomy":"translation_priority"},"_links":{"self":[{"href":"https:\/\/www.collantlauve.com\/fr\/wp-json\/wp\/v2\/pages\/4271"}],"collection":[{"href":"https:\/\/www.collantlauve.com\/fr\/wp-json\/wp\/v2\/pages"}],"about":[{"href":"https:\/\/www.collantlauve.com\/fr\/wp-json\/wp\/v2\/types\/page"}],"author":[{"embeddable":true,"href":"https:\/\/www.collantlauve.com\/fr\/wp-json\/wp\/v2\/users\/2"}],"replies":[{"embeddable":true,"href":"https:\/\/www.collantlauve.com\/fr\/wp-json\/wp\/v2\/comments?post=4271"}],"version-history":[{"count":3,"href":"https:\/\/www.collantlauve.com\/fr\/wp-json\/wp\/v2\/pages\/4271\/revisions"}],"predecessor-version":[{"id":4280,"href":"https:\/\/www.collantlauve.com\/fr\/wp-json\/wp\/v2\/pages\/4271\/revisions\/4280"}],"wp:attachment":[{"href":"https:\/\/www.collantlauve.com\/fr\/wp-json\/wp\/v2\/media?parent=4271"}],"curies":[{"name":"wp","href":"https:\/\/api.w.org\/{rel}","templated":true}]}}